{"id":5476,"date":"2017-02-14T18:04:42","date_gmt":"2017-02-14T21:04:42","guid":{"rendered":"http:\/\/35.170.190.128\/?page_id=5476"},"modified":"2017-11-20T14:58:52","modified_gmt":"2017-11-20T17:58:52","slug":"revista-educamais","status":"publish","type":"page","link":"https:\/\/site.facex.com.br\/?page_id=5476","title":{"rendered":"Revista EducaMais"},"content":{"rendered":"<h2 style=\"text-align: justify;\">Revista EducaMais A\u00e7\u00e3o<\/h2>\n<p style=\"text-align: justify;\">A revista Educa Mais A\u00e7\u00e3o tr\u00e1s uma s\u00e9rie de mat\u00e9rias que mostram as atividades desenvolvidas pela Facex e resultados obtidos atrav\u00e9s do ensino de excel\u00eancia oferecido pela institui\u00e7\u00e3o.\u00a0<a href=\"http:\/\/site.facex.com.br\/wp-content\/uploads\/2017\/02\/Revista_Educa_Mais_05.pdf\">Acesse Aqui<\/a>\u00a0a revista e tenha uma boa leitura.<\/p>\n<div class=\"col-md-30\">\n<div class=\"col-md-10\" style=\"text-align: justify;\">\n<a href=\"http:\/\/site.facex.com.br\/wp-content\/uploads\/2017\/02\/Revista_Educa_Mais_05.pdf\"><img decoding=\"async\" loading=\"lazy\" class=\"alignnone wp-image-5477\" src=\"http:\/\/site.facex.com.br\/wp-content\/uploads\/2017\/02\/Revista_Educa_Mais_05-225x300.png\" alt=\"revista_educa_mais_05\" width=\"212\" height=\"283\" srcset=\"https:\/\/site.facex.com.br\/wp-content\/uploads\/2017\/02\/Revista_Educa_Mais_05-225x300.png 225w, https:\/\/site.facex.com.br\/wp-content\/uploads\/2017\/02\/Revista_Educa_Mais_05-768x1024.png 768w, https:\/\/site.facex.com.br\/wp-content\/uploads\/2017\/02\/Revista_Educa_Mais_05-100x134.png 100w, https:\/\/site.facex.com.br\/wp-content\/uploads\/2017\/02\/Revista_Educa_Mais_05-75x100.png 75w, https:\/\/site.facex.com.br\/wp-content\/uploads\/2017\/02\/Revista_Educa_Mais_05.png 826w\" sizes=\"(max-width: 212px) 100vw, 212px\" \/><\/a>\n<\/div>\n<div class=\"col-md-10\" style=\"text-align: justify;\">\n<a href=\"http:\/\/site.facex.com.br\/wp-content\/uploads\/2017\/02\/Revista_EDUCA_MAIS_ACAO_FACEX_2015.pdf\"><br \/>\n<\/a><a href=\"http:\/\/site.facex.com.br\/wp-content\/uploads\/2017\/02\/Revista_EDUCA_MAIS_ACAO_FACEX_2015.pdf\"><img decoding=\"async\" loading=\"lazy\" class=\"alignnone wp-image-7976\" src=\"http:\/\/site.facex.com.br\/wp-content\/uploads\/2017\/02\/educamais_15.16-225x300.png\" alt=\"educamais_15-16\" width=\"212\" height=\"283\" srcset=\"https:\/\/site.facex.com.br\/wp-content\/uploads\/2017\/02\/educamais_15.16-225x300.png 225w, https:\/\/site.facex.com.br\/wp-content\/uploads\/2017\/02\/educamais_15.16-768x1024.png 768w, https:\/\/site.facex.com.br\/wp-content\/uploads\/2017\/02\/educamais_15.16-100x134.png 100w, https:\/\/site.facex.com.br\/wp-content\/uploads\/2017\/02\/educamais_15.16-236x315.png 236w, https:\/\/site.facex.com.br\/wp-content\/uploads\/2017\/02\/educamais_15.16-150x200.png 150w, https:\/\/site.facex.com.br\/wp-content\/uploads\/2017\/02\/educamais_15.16.png 826w\" sizes=\"(max-width: 212px) 100vw, 212px\" \/><\/a>\n<\/div>\n<div class=\"col-md-10\" style=\"text-align: justify;\">\u00a0 \u00a0<a href=\"http:\/\/site.facex.com.br\/wp-content\/uploads\/2017\/02\/Revista_EDUCA_MAIS_ACAO_FACEX_2017.pdf\">\u00a0<\/a><a href=\"http:\/\/site.facex.com.br\/wp-content\/uploads\/2017\/02\/Revista_EDUCA_MAIS_ACAO_FACEX_2017.pdf\"><img decoding=\"async\" loading=\"lazy\" class=\"alignnone wp-image-11898\" src=\"http:\/\/site.facex.com.br\/wp-content\/uploads\/2017\/02\/Capa-225x300.jpg\" alt=\"capa\" width=\"212\" height=\"283\" srcset=\"https:\/\/site.facex.com.br\/wp-content\/uploads\/2017\/02\/Capa-225x300.jpg 225w, https:\/\/site.facex.com.br\/wp-content\/uploads\/2017\/02\/Capa-768x1026.jpg 768w, https:\/\/site.facex.com.br\/wp-content\/uploads\/2017\/02\/Capa-767x1024.jpg 767w, https:\/\/site.facex.com.br\/wp-content\/uploads\/2017\/02\/Capa-100x134.jpg 100w, https:\/\/site.facex.com.br\/wp-content\/uploads\/2017\/02\/Capa-236x315.jpg 236w, https:\/\/site.facex.com.br\/wp-content\/uploads\/2017\/02\/Capa-150x200.jpg 150w, https:\/\/site.facex.com.br\/wp-content\/uploads\/2017\/02\/Capa.jpg 777w\" sizes=\"(max-width: 212px) 100vw, 212px\" \/><\/a><\/div>\n<\/div>\n","protected":false},"excerpt":{"rendered":"<p>Revista EducaMais A\u00e7\u00e3o A revista Educa Mais A\u00e7\u00e3o tr\u00e1s uma s\u00e9rie de mat\u00e9rias que mostram as atividades desenvolvidas pela Facex e resultados obtidos atrav\u00e9s do ensino de excel\u00eancia oferecido pela institui\u00e7\u00e3o.\u00a0Acesse Aqui\u00a0a revista e tenha uma boa leitura. \u00a0 \u00a0\u00a0<\/p>\n","protected":false},"author":8,"featured_media":0,"parent":12,"menu_order":0,"comment_status":"closed","ping_status":"closed","template":"","meta":[],"_links":{"self":[{"href":"https:\/\/site.facex.com.br\/index.php?rest_route=\/wp\/v2\/pages\/5476"}],"collection":[{"href":"https:\/\/site.facex.com.br\/index.php?rest_route=\/wp\/v2\/pages"}],"about":[{"href":"https:\/\/site.facex.com.br\/index.php?rest_route=\/wp\/v2\/types\/page"}],"author":[{"embeddable":true,"href":"https:\/\/site.facex.com.br\/index.php?rest_route=\/wp\/v2\/users\/8"}],"replies":[{"embeddable":true,"href":"https:\/\/site.facex.com.br\/index.php?rest_route=%2Fwp%2Fv2%2Fcomments&post=5476"}],"version-history":[{"count":16,"href":"https:\/\/site.facex.com.br\/index.php?rest_route=\/wp\/v2\/pages\/5476\/revisions"}],"predecessor-version":[{"id":11911,"href":"https:\/\/site.facex.com.br\/index.php?rest_route=\/wp\/v2\/pages\/5476\/revisions\/11911"}],"up":[{"embeddable":true,"href":"https:\/\/site.facex.com.br\/index.php?rest_route=\/wp\/v2\/pages\/12"}],"wp:attachment":[{"href":"https:\/\/site.facex.com.br\/index.php?rest_route=%2Fwp%2Fv2%2Fmedia&parent=5476"}],"curies":[{"name":"wp","href":"https:\/\/api.w.org\/{rel}","templated":true}]}}