{"id":5054,"date":"2017-01-05T13:33:54","date_gmt":"2017-01-05T16:33:54","guid":{"rendered":"http:\/\/35.170.190.128\/?page_id=5054"},"modified":"2023-12-14T11:59:18","modified_gmt":"2023-12-14T14:59:18","slug":"missao","status":"publish","type":"page","link":"https:\/\/site.facex.com.br\/?page_id=5054","title":{"rendered":"Miss\u00e3o, Vis\u00e3o e Valor"},"content":{"rendered":"<div>\n<p><strong class=\"missaovisaovalor\">Miss\u00e3o<\/strong><\/p>\n<p>CONTRIBUIR para uma EDUCA\u00c7\u00c3O DE QUALIDADE, por meio de a\u00e7\u00f5es inovadoras que estimulem os indiv\u00edduos a se tornarem protagonistas sociais fundamentados em valores intelectuais, morais e humanos.<\/p>\n<\/div>\n<p>&nbsp;<\/p>\n<div>\n<p><strong class=\"missaovisaovalor\">Vis\u00e3o<\/strong><\/p>\n<p>Que at\u00e9 2025 a Escola FACEX possa estar entre as melhores institui\u00e7\u00f5es de forma\u00e7\u00e3o b\u00e1sica do Rio Grande do Norte e, assim, ser reconhecida pela sociedade como um estabelecimento de ensino que se baseia na qualidade do processo de escolariza\u00e7\u00e3o.<\/p>\n<\/div>\n<p>&nbsp;<\/p>\n<div>\n<p><strong class=\"missaovisaovalor\">Valores<\/strong><\/p>\n<div>\u2022 \u00c9tica;<\/div>\n<div>\u2022 Respeito;<\/div>\n<div>\u2022 Valoriza\u00e7\u00e3o;<\/div>\n<div>\u2022 Reconhecimento;<\/div>\n<div>\u2022 Comprometimento;<\/div>\n<div>\u2022 Responsabilidade;<\/div>\n<div>\u2022 Integra\u00e7\u00e3o;<\/div>\n<div>\u2022 Empreendedorismo;<\/div>\n<div>\u2022 Clareza na informa\u00e7\u00e3o.<\/div>\n<\/div>\n","protected":false},"excerpt":{"rendered":"<p>Miss\u00e3o CONTRIBUIR para uma EDUCA\u00c7\u00c3O DE QUALIDADE, por meio de a\u00e7\u00f5es inovadoras que estimulem os indiv\u00edduos a se tornarem protagonistas sociais fundamentados em valores intelectuais, morais e humanos. &nbsp; Vis\u00e3o Que at\u00e9 2025 a Escola FACEX possa estar entre as melhores institui\u00e7\u00f5es de forma\u00e7\u00e3o b\u00e1sica do Rio Grande do Norte e, assim, ser reconhecida pela &hellip; <a href=\"https:\/\/site.facex.com.br\/?page_id=5054\">Continued<\/a><\/p>\n","protected":false},"author":8,"featured_media":0,"parent":12,"menu_order":4,"comment_status":"closed","ping_status":"closed","template":"","meta":[],"_links":{"self":[{"href":"https:\/\/site.facex.com.br\/index.php?rest_route=\/wp\/v2\/pages\/5054"}],"collection":[{"href":"https:\/\/site.facex.com.br\/index.php?rest_route=\/wp\/v2\/pages"}],"about":[{"href":"https:\/\/site.facex.com.br\/index.php?rest_route=\/wp\/v2\/types\/page"}],"author":[{"embeddable":true,"href":"https:\/\/site.facex.com.br\/index.php?rest_route=\/wp\/v2\/users\/8"}],"replies":[{"embeddable":true,"href":"https:\/\/site.facex.com.br\/index.php?rest_route=%2Fwp%2Fv2%2Fcomments&post=5054"}],"version-history":[{"count":29,"href":"https:\/\/site.facex.com.br\/index.php?rest_route=\/wp\/v2\/pages\/5054\/revisions"}],"predecessor-version":[{"id":49588,"href":"https:\/\/site.facex.com.br\/index.php?rest_route=\/wp\/v2\/pages\/5054\/revisions\/49588"}],"up":[{"embeddable":true,"href":"https:\/\/site.facex.com.br\/index.php?rest_route=\/wp\/v2\/pages\/12"}],"wp:attachment":[{"href":"https:\/\/site.facex.com.br\/index.php?rest_route=%2Fwp%2Fv2%2Fmedia&parent=5054"}],"curies":[{"name":"wp","href":"https:\/\/api.w.org\/{rel}","templated":true}]}}