{"id":49,"date":"2016-07-09T14:49:07","date_gmt":"2016-07-09T17:49:07","guid":{"rendered":"http:\/\/35.170.190.128\/?page_id=49"},"modified":"2017-05-24T10:23:01","modified_gmt":"2017-05-24T13:23:01","slug":"conheca","status":"publish","type":"page","link":"https:\/\/site.facex.com.br\/?page_id=49","title":{"rendered":"Conhe\u00e7a"},"content":{"rendered":"<h2 class=\"title-28 is-museo\" style=\"text-align: justify;\"><b>Breve Hist\u00f3rico<\/b><\/h2>\n<div class=\"entry-content alinhamento-justificar\">\n<p style=\"text-align: justify;\">O Col\u00e9gio Facex \u00e9 fruto de um sonho de seus fundadores, uma fam\u00edlia que sempre se engajou em educar, fazendo o melhor para seus alunos. Pessoas com esse objetivo n\u00e3o s\u00e3o apenas fundadores, s\u00e3o sonhadores ou at\u00e9 mesmo vision\u00e1rios. O Col\u00e9gio Facex \u00e9 fruto da busca de um futuro melhor; melhor em educar, proporcionando igualdade e inclus\u00e3o social nas mais diferentes classes. O idealizador desse sonho chama-se Professor Jos\u00e9 Maria Barreto Figueiredo, diretor presidente do Centro Integrado para Forma\u00e7\u00e3o de Executivos &#8211; CIFE, cuja hist\u00f3ria tem in\u00edcio em 1971, no antigo casar\u00e3o da Escola T\u00e9cnica de Com\u00e9rcio, fundada por Ulisses de G\u00f3is na Av. Junqueira Ayres, bairro da Ribeira.<\/p>\n<p style=\"text-align: justify;\">Foi ali que ele escolheu o solo f\u00e9rtil para plantar e regar uma semente do que hoje \u00e9 uma das refer\u00eancias em educa\u00e7\u00e3o no estado. Primeiro com o pioneirismo de Cursos Superiores, depois migrou para a zona sul e ousou mais uma vez, implantando tamb\u00e9m o ensino b\u00e1sico. O Col\u00e9gio Facex iniciou suas aulas no dia 1\u00ba de mar\u00e7o de 1991, j\u00e1 com a devida autoriza\u00e7\u00e3o do Conselho Estadual de Educa\u00e7\u00e3o.<\/p>\n<p style=\"text-align: justify;\">Hoje o Col\u00e9gio Facex firmou-se como sonhou seu fundador e tornou-se realidade, com uma ampla estrutura e um corpo docente e administrativo de alto n\u00edvel. Tudo isso para proporcionar uma educa\u00e7\u00e3o de qualidade condizente com os padr\u00f5es exigidos pela fam\u00edlia e pela sociedade como um todo.<\/p>\n<p style=\"text-align: justify;\">No presente, o Col\u00e9gio Facex atua com uma estrutura tradicional, na Rua Orlando Silva &#8211; Capim Macio, e avan\u00e7a para o Centro de Natal &#8211; situando-se no espa\u00e7o antes ocupado pelo secular Col\u00e9gio Imaculada Concei\u00e7\u00e3o &#8211; CIC.<\/p>\n<p style=\"text-align: justify;\">Com as b\u00ean\u00e7\u00e3os da m\u00e3e de Jesus aquele gr\u00e3o de mostarda estende sua ramagem e plenifica \u00a0a alegria do seu fundador vision\u00e1rio, Professor Jos\u00e9 Maria Barreto Figueiredo.<\/p>\n<p style=\"text-align: justify;\">Col\u00e9gio Facex, um jeito diferente de olhar a pr\u00e1tica educativa, na convic\u00e7\u00e3o de que, neste mundo de mudan\u00e7a, podemos construir um futuro promissor.<\/p>\n<\/div>\n","protected":false},"excerpt":{"rendered":"<p>Breve Hist\u00f3rico O Col\u00e9gio Facex \u00e9 fruto de um sonho de seus fundadores, uma fam\u00edlia que sempre se engajou em educar, fazendo o melhor para seus alunos. Pessoas com esse objetivo n\u00e3o s\u00e3o apenas fundadores, s\u00e3o sonhadores ou at\u00e9 mesmo vision\u00e1rios. O Col\u00e9gio Facex \u00e9 fruto da busca de um futuro melhor; melhor em educar, &hellip; <a href=\"https:\/\/site.facex.com.br\/?page_id=49\">Continued<\/a><\/p>\n","protected":false},"author":8,"featured_media":0,"parent":12,"menu_order":1,"comment_status":"closed","ping_status":"closed","template":"","meta":[],"_links":{"self":[{"href":"https:\/\/site.facex.com.br\/index.php?rest_route=\/wp\/v2\/pages\/49"}],"collection":[{"href":"https:\/\/site.facex.com.br\/index.php?rest_route=\/wp\/v2\/pages"}],"about":[{"href":"https:\/\/site.facex.com.br\/index.php?rest_route=\/wp\/v2\/types\/page"}],"author":[{"embeddable":true,"href":"https:\/\/site.facex.com.br\/index.php?rest_route=\/wp\/v2\/users\/8"}],"replies":[{"embeddable":true,"href":"https:\/\/site.facex.com.br\/index.php?rest_route=%2Fwp%2Fv2%2Fcomments&post=49"}],"version-history":[{"count":7,"href":"https:\/\/site.facex.com.br\/index.php?rest_route=\/wp\/v2\/pages\/49\/revisions"}],"predecessor-version":[{"id":8245,"href":"https:\/\/site.facex.com.br\/index.php?rest_route=\/wp\/v2\/pages\/49\/revisions\/8245"}],"up":[{"embeddable":true,"href":"https:\/\/site.facex.com.br\/index.php?rest_route=\/wp\/v2\/pages\/12"}],"wp:attachment":[{"href":"https:\/\/site.facex.com.br\/index.php?rest_route=%2Fwp%2Fv2%2Fmedia&parent=49"}],"curies":[{"name":"wp","href":"https:\/\/api.w.org\/{rel}","templated":true}]}}