{"id":31,"date":"2016-07-09T14:47:17","date_gmt":"2016-07-09T17:47:17","guid":{"rendered":"http:\/\/35.170.190.128\/?page_id=31"},"modified":"2020-12-07T11:26:26","modified_gmt":"2020-12-07T13:26:26","slug":"bilingue","status":"publish","type":"page","link":"https:\/\/site.facex.com.br\/?page_id=31","title":{"rendered":"Bil\u00edngue"},"content":{"rendered":"<p><img decoding=\"async\" class=\"fotobilingue\" src=\"http:\/\/site.facex.com.br\/wp-content\/uploads\/2020\/12\/Bilingue.png\" alt=\"infantil\" \/><\/p>\n<p>&nbsp;<\/p>\n<div class=\"textobilingue\">\nO programa Bil\u00edngue da Facex promove a aprendizagem da l\u00edngua inglesa, utilizando o formato Dual Language. O conte\u00fado parcial \u00e9 usado no formato CLIL, ou seja, de maneira interdisciplinar, principalmente com matem\u00e1tica e ci\u00eancias, aproximando ao m\u00e1ximo os programas do ensino regular com o da l\u00edngua inglesa, formando um aluno conhecedor da cultura, da estrutura e da aplica\u00e7\u00e3o desses conhecimentos no meio social.\n<\/div>\n","protected":false},"excerpt":{"rendered":"<p>&nbsp; O programa Bil\u00edngue da Facex promove a aprendizagem da l\u00edngua inglesa, utilizando o formato Dual Language. O conte\u00fado parcial \u00e9 usado no formato CLIL, ou seja, de maneira interdisciplinar, principalmente com matem\u00e1tica e ci\u00eancias, aproximando ao m\u00e1ximo os programas do ensino regular com o da l\u00edngua inglesa, formando um aluno conhecedor da cultura, da &hellip; <a href=\"https:\/\/site.facex.com.br\/?page_id=31\">Continued<\/a><\/p>\n","protected":false},"author":8,"featured_media":0,"parent":10,"menu_order":0,"comment_status":"closed","ping_status":"closed","template":"","meta":[],"_links":{"self":[{"href":"https:\/\/site.facex.com.br\/index.php?rest_route=\/wp\/v2\/pages\/31"}],"collection":[{"href":"https:\/\/site.facex.com.br\/index.php?rest_route=\/wp\/v2\/pages"}],"about":[{"href":"https:\/\/site.facex.com.br\/index.php?rest_route=\/wp\/v2\/types\/page"}],"author":[{"embeddable":true,"href":"https:\/\/site.facex.com.br\/index.php?rest_route=\/wp\/v2\/users\/8"}],"replies":[{"embeddable":true,"href":"https:\/\/site.facex.com.br\/index.php?rest_route=%2Fwp%2Fv2%2Fcomments&post=31"}],"version-history":[{"count":6,"href":"https:\/\/site.facex.com.br\/index.php?rest_route=\/wp\/v2\/pages\/31\/revisions"}],"predecessor-version":[{"id":48822,"href":"https:\/\/site.facex.com.br\/index.php?rest_route=\/wp\/v2\/pages\/31\/revisions\/48822"}],"up":[{"embeddable":true,"href":"https:\/\/site.facex.com.br\/index.php?rest_route=\/wp\/v2\/pages\/10"}],"wp:attachment":[{"href":"https:\/\/site.facex.com.br\/index.php?rest_route=%2Fwp%2Fv2%2Fmedia&parent=31"}],"curies":[{"name":"wp","href":"https:\/\/api.w.org\/{rel}","templated":true}]}}