{"id":29,"date":"2016-07-09T14:47:18","date_gmt":"2016-07-09T17:47:18","guid":{"rendered":"http:\/\/35.170.190.128\/?page_id=29"},"modified":"2025-12-01T10:01:44","modified_gmt":"2025-12-01T13:01:44","slug":"medio","status":"publish","type":"page","link":"https:\/\/site.facex.com.br\/?page_id=29","title":{"rendered":"Ensino M\u00e9dio"},"content":{"rendered":"<p><img decoding=\"async\" class=\"fotomedio\" src=\"http:\/\/site.facex.com.br\/wp-content\/uploads\/2020\/12\/EnsinoMedio.png\" alt=\"infantil\" \/><\/p>\n<p>&nbsp;<\/p>\n<div class=\"textomedio\">O SIMFACEX (Sistema Intensivo Multidisciplinar) foi criado para atender \u00e0s novas exig\u00eancias do ENEM e permite que o aluno veja todos os conte\u00fados com profundidade e esteja apto a resolver situa\u00e7\u00f5es-problemas contextualizadas e interdisciplinares. Com isso, os estudos das \u00e1reas de conhecimento do ENEM foram intensificados, sobretudo nas disciplinas de Matem\u00e1tica, de F\u00edsica e de Qu\u00edmica, com aulas nos turnos matutino e vespertino. Nesse sentido, o Ensino M\u00e9dio da Facex possui uma estrutura diferenciada de Itiner\u00e1rios Formativos, os quais s\u00e3o compostos por Trilhas e Eletivas, proporcionando ao jovem tornar-se protagonista de seu pr\u00f3prio futuro. Para alcan\u00e7ar este objetivo, conta tamb\u00e9m com todo o apoio do Setor Psicopedag\u00f3gico auxiliando-o com palestras, reuni\u00f5es vocacionais e atendimentos individualizados com  foco na defini\u00e7\u00e3o da profiss\u00e3o que escolher\u00e1 para exercer com profici\u00eancia e \u00e9tica ao longo de sua vida. Devido a este trabalho de excel\u00eancia, alcan\u00e7amos resultados como a 6\u00aa coloca\u00e7\u00e3o no ranking das melhores escolas do RN no ENEM, trabalho este intensificado pelo projeto ABase de Reda\u00e7\u00e3o, o qual proporciona um percentual de 50% de notas acima de 900 na reda\u00e7\u00e3o do Exame Nacional do Ensino M\u00e9dio.<\/div>\n","protected":false},"excerpt":{"rendered":"<p>&nbsp; O SIMFACEX (Sistema Intensivo Multidisciplinar) foi criado para atender \u00e0s novas exig\u00eancias do ENEM e permite que o aluno veja todos os conte\u00fados com profundidade e esteja apto a resolver situa\u00e7\u00f5es-problemas contextualizadas e interdisciplinares. Com isso, os estudos das \u00e1reas de conhecimento do ENEM foram intensificados, sobretudo nas disciplinas de Matem\u00e1tica, de F\u00edsica e &hellip; <a href=\"https:\/\/site.facex.com.br\/?page_id=29\">Continued<\/a><\/p>\n","protected":false},"author":8,"featured_media":0,"parent":10,"menu_order":0,"comment_status":"closed","ping_status":"closed","template":"","meta":[],"_links":{"self":[{"href":"https:\/\/site.facex.com.br\/index.php?rest_route=\/wp\/v2\/pages\/29"}],"collection":[{"href":"https:\/\/site.facex.com.br\/index.php?rest_route=\/wp\/v2\/pages"}],"about":[{"href":"https:\/\/site.facex.com.br\/index.php?rest_route=\/wp\/v2\/types\/page"}],"author":[{"embeddable":true,"href":"https:\/\/site.facex.com.br\/index.php?rest_route=\/wp\/v2\/users\/8"}],"replies":[{"embeddable":true,"href":"https:\/\/site.facex.com.br\/index.php?rest_route=%2Fwp%2Fv2%2Fcomments&post=29"}],"version-history":[{"count":12,"href":"https:\/\/site.facex.com.br\/index.php?rest_route=\/wp\/v2\/pages\/29\/revisions"}],"predecessor-version":[{"id":49948,"href":"https:\/\/site.facex.com.br\/index.php?rest_route=\/wp\/v2\/pages\/29\/revisions\/49948"}],"up":[{"embeddable":true,"href":"https:\/\/site.facex.com.br\/index.php?rest_route=\/wp\/v2\/pages\/10"}],"wp:attachment":[{"href":"https:\/\/site.facex.com.br\/index.php?rest_route=%2Fwp%2Fv2%2Fmedia&parent=29"}],"curies":[{"name":"wp","href":"https:\/\/api.w.org\/{rel}","templated":true}]}}