{"id":23,"date":"2016-07-09T14:46:01","date_gmt":"2016-07-09T17:46:01","guid":{"rendered":"http:\/\/35.170.190.128\/?page_id=23"},"modified":"2025-12-12T09:29:25","modified_gmt":"2025-12-12T12:29:25","slug":"infantil","status":"publish","type":"page","link":"https:\/\/site.facex.com.br\/?page_id=23","title":{"rendered":"Educa\u00e7\u00e3o Infantil"},"content":{"rendered":"<p><img decoding=\"async\" class=\"fotoinfantil\" src=\"http:\/\/site.facex.com.br\/wp-content\/uploads\/2020\/12\/Capa_Infantil.png\" alt=\"infantil\" \/><\/p>\n<p>&nbsp;<\/p>\n<div class=\"textofotoinfantil\">\n<p>\u00a0A fun\u00e7\u00e3o da Educa\u00e7\u00e3o Infantil \u00e9 de complementar a educa\u00e7\u00e3o da fam\u00edlia, tendo como objetivo as rela\u00e7\u00f5es socioeducativas que se estabelecem na socializa\u00e7\u00e3o escolar. Nesse sentido, a constru\u00e7\u00e3o de conhecimento ocorre em rela\u00e7\u00e3o estreita e diretamente vinculada aos processos construtivos da crian\u00e7a, tais como: a expressividade, a afetividade, a socializa\u00e7\u00e3o, a nutri\u00e7\u00e3o, a brincadeira, a fantasia e o movimento. Na Facex, consideramos fundamental respeitar as especificidades e as necessidades infantis para atender \u00e0s singularidades, integrando as fun\u00e7\u00f5es de educar, cuidar e brincar, estabelecendo sempre a parceria com a fam\u00edlia.<\/p>\n<\/div>\n","protected":false},"excerpt":{"rendered":"<p>&nbsp; \u00a0A fun\u00e7\u00e3o da Educa\u00e7\u00e3o Infantil \u00e9 de complementar a educa\u00e7\u00e3o da fam\u00edlia, tendo como objetivo as rela\u00e7\u00f5es socioeducativas que se estabelecem na socializa\u00e7\u00e3o escolar. Nesse sentido, a constru\u00e7\u00e3o de conhecimento ocorre em rela\u00e7\u00e3o estreita e diretamente vinculada aos processos construtivos da crian\u00e7a, tais como: a expressividade, a afetividade, a socializa\u00e7\u00e3o, a nutri\u00e7\u00e3o, a brincadeira, &hellip; <a href=\"https:\/\/site.facex.com.br\/?page_id=23\">Continued<\/a><\/p>\n","protected":false},"author":8,"featured_media":0,"parent":10,"menu_order":0,"comment_status":"closed","ping_status":"closed","template":"","meta":[],"_links":{"self":[{"href":"https:\/\/site.facex.com.br\/index.php?rest_route=\/wp\/v2\/pages\/23"}],"collection":[{"href":"https:\/\/site.facex.com.br\/index.php?rest_route=\/wp\/v2\/pages"}],"about":[{"href":"https:\/\/site.facex.com.br\/index.php?rest_route=\/wp\/v2\/types\/page"}],"author":[{"embeddable":true,"href":"https:\/\/site.facex.com.br\/index.php?rest_route=\/wp\/v2\/users\/8"}],"replies":[{"embeddable":true,"href":"https:\/\/site.facex.com.br\/index.php?rest_route=%2Fwp%2Fv2%2Fcomments&post=23"}],"version-history":[{"count":52,"href":"https:\/\/site.facex.com.br\/index.php?rest_route=\/wp\/v2\/pages\/23\/revisions"}],"predecessor-version":[{"id":49958,"href":"https:\/\/site.facex.com.br\/index.php?rest_route=\/wp\/v2\/pages\/23\/revisions\/49958"}],"up":[{"embeddable":true,"href":"https:\/\/site.facex.com.br\/index.php?rest_route=\/wp\/v2\/pages\/10"}],"wp:attachment":[{"href":"https:\/\/site.facex.com.br\/index.php?rest_route=%2Fwp%2Fv2%2Fmedia&parent=23"}],"curies":[{"name":"wp","href":"https:\/\/api.w.org\/{rel}","templated":true}]}}