{"id":1555,"date":"2016-11-08T08:50:15","date_gmt":"2016-11-08T11:50:15","guid":{"rendered":"http:\/\/35.170.190.128\/?page_id=1555"},"modified":"2017-05-24T10:27:30","modified_gmt":"2017-05-24T13:27:30","slug":"bilingue","status":"publish","type":"page","link":"https:\/\/site.facex.com.br\/?page_id=1555","title":{"rendered":"Bil\u00edngue"},"content":{"rendered":"<h4 style=\"text-align: justify;\">O QUE \u00c9 FACEX DUAL?<\/h4>\n<p style=\"text-align: justify;\">O Facex Dual \u00e9 um programa bil\u00edngue com \u00eanfase em l\u00edngua Inglesa. Iniciando em 2013 na educa\u00e7\u00e3o infantil com o n\u00edvel IV e Fundamental I (1\u00ba, 2\u00ba, 3\u00ba, 4\u00ba e 5\u00ba anos), o FACEX DUAL contar\u00e1 com uma equipe bil\u00edngue experiente, contratada apenas para atender \u00e0s especificidades do programa. Al\u00e9m disso, ter\u00e1 um professor exclusivo para cada n\u00edvel e coordena\u00e7\u00e3o independente.<\/p>\n<h4 style=\"text-align: justify;\">QUANTAS VEZES POR SEMANA?<\/h4>\n<p style=\"text-align: justify;\">O aluno Dual assistir\u00e1 a cinco aulas de ingl\u00eas por semana, com dura\u00e7\u00e3o de 40 minutos, sempre ap\u00f3s o cronograma normal, tanto pela parte da manh\u00e3 como pela parte da tarde. Todo o conte\u00fado ser\u00e1 baseado nas aulas regulares dentro de uma metodologia CLIL (o que h\u00e1 de mais moderno em conte\u00fado interdisciplinar).<\/p>\n<h4 style=\"text-align: justify;\">PARCERIA CAMBRIDGE E EXAME YLE.<\/h4>\n<p style=\"text-align: justify;\">O Cambridge Young Learners English (YLE) s\u00e3o exames de Ingl\u00eas especialmente elaborados para crian\u00e7as e pr\u00e9-adolescentes, que motivam e reconhecem o sucesso durante a aprendizagem desse idioma. S\u00e3o completos, pois abrangem as quatro compet\u00eancias lingu\u00edsticas: leitura, escrita, compreens\u00e3o e express\u00e3o oral. S\u00e3o elaborados e corrigidos na Inglaterra por profissionais especializados em avalia\u00e7\u00e3o lingu\u00edstica e ensino da l\u00edngua inglesa. A Facex n\u00e3o s\u00f3 preparar\u00e1 o aluno com a cultura de ser examinado \u2013 como existe com o ENEM \u2013, mas tamb\u00e9m avaliar\u00e1 o desempenho da educa\u00e7\u00e3o bil\u00edngue como um todo.<\/p>\n<h4 style=\"text-align: justify;\">METODOLOGIA DUAL LANGUAGE<\/h4>\n<p style=\"text-align: justify;\">O m\u00e9todo Dual Language permite ao professor bil\u00edngue se apoderar do discurso do docente do ensino regular (Aula normal do conte\u00fado) e usar esse discurso nas aulas de ingl\u00eas, criando com isso um conhecimento pr\u00e9vio do assunto. O educador bil\u00edngue retransmitir\u00e1 esse conte\u00fado em ingl\u00eas, podendo usar: Projetos, atividades, m\u00fasicas, workshops de leitura e produ\u00e7\u00e3o de textos, pe\u00e7as teatrais, aulas multim\u00eddia em tablet, entre outros. Essas aulas ser\u00e3o norteadas pelo livro KID\u2019S BOX da editora CAMBRIDGE, o qual manter\u00e1 todo o conte\u00fado passeando pelo ensino regular na proposta CLIL.<\/p>\n<p style=\"text-align: justify;\">Para ilustrar melhor essa id\u00e9ia, tomamos como exemplo uma aula de Ci\u00eancias, o professor ensinou nessa aula todo o processo de fotoss\u00edntese. Ela ser\u00e1 interdisciplinar, pois o professor bil\u00edngue alinhar\u00e1 sua aula com outra sobre fotoss\u00edntese em ingl\u00eas, sem esquecer da aquisi\u00e7\u00e3o lingu\u00edstica e ensino comunicativo, que tamb\u00e9m ter\u00e1 conte\u00fados sobre, matem\u00e1tica, artes, etc. o educador estar\u00e1 sempre preocupado em se igualar com o conte\u00fado regular, diferencial que s\u00f3 a FACEX tem.<\/p>\n","protected":false},"excerpt":{"rendered":"<p>O QUE \u00c9 FACEX DUAL? O Facex Dual \u00e9 um programa bil\u00edngue com \u00eanfase em l\u00edngua Inglesa. Iniciando em 2013 na educa\u00e7\u00e3o infantil com o n\u00edvel IV e Fundamental I (1\u00ba, 2\u00ba, 3\u00ba, 4\u00ba e 5\u00ba anos), o FACEX DUAL contar\u00e1 com uma equipe bil\u00edngue experiente, contratada apenas para atender \u00e0s especificidades do programa. Al\u00e9m &hellip; <a href=\"https:\/\/site.facex.com.br\/?page_id=1555\">Continued<\/a><\/p>\n","protected":false},"author":8,"featured_media":0,"parent":31,"menu_order":0,"comment_status":"closed","ping_status":"closed","template":"","meta":[],"_links":{"self":[{"href":"https:\/\/site.facex.com.br\/index.php?rest_route=\/wp\/v2\/pages\/1555"}],"collection":[{"href":"https:\/\/site.facex.com.br\/index.php?rest_route=\/wp\/v2\/pages"}],"about":[{"href":"https:\/\/site.facex.com.br\/index.php?rest_route=\/wp\/v2\/types\/page"}],"author":[{"embeddable":true,"href":"https:\/\/site.facex.com.br\/index.php?rest_route=\/wp\/v2\/users\/8"}],"replies":[{"embeddable":true,"href":"https:\/\/site.facex.com.br\/index.php?rest_route=%2Fwp%2Fv2%2Fcomments&post=1555"}],"version-history":[{"count":5,"href":"https:\/\/site.facex.com.br\/index.php?rest_route=\/wp\/v2\/pages\/1555\/revisions"}],"predecessor-version":[{"id":8258,"href":"https:\/\/site.facex.com.br\/index.php?rest_route=\/wp\/v2\/pages\/1555\/revisions\/8258"}],"up":[{"embeddable":true,"href":"https:\/\/site.facex.com.br\/index.php?rest_route=\/wp\/v2\/pages\/31"}],"wp:attachment":[{"href":"https:\/\/site.facex.com.br\/index.php?rest_route=%2Fwp%2Fv2%2Fmedia&parent=1555"}],"curies":[{"name":"wp","href":"https:\/\/api.w.org\/{rel}","templated":true}]}}